
{"id":3177,"date":"2015-09-21T18:16:20","date_gmt":"2015-09-21T16:16:20","guid":{"rendered":"https:\/\/www.brickrknowledge.de\/?page_id=3177"},"modified":"2015-09-22T18:29:42","modified_gmt":"2015-09-22T16:29:42","slug":"disclaimer","status":"publish","type":"page","link":"https:\/\/wiki.brickrknowledge.eu\/it\/diritti\/disclaimer\/","title":{"rendered":"Disclaimer"},"content":{"rendered":"<p><strong>Responsabilit\u00e0 dei contenuti<\/strong><br \/>\nIn qualit\u00e0 di service provider siamo responsabili dei contenuti del sito, in accordo a \u00a7 paragrafo 7, 1 TMG. In accordo a \u00a7\u00a7 8 a 10 TMG non siamo obbligati come service provider a monitorare informazioni trasmesse o memorizzate, o a investigare a riguardo di circostanze che potrebbero indicare attivit\u00e0 illecite. L&#8217;obbligo di rimuovere o bloccare l&#8217;utilizzo di informazioni \u00e8 regolato dalla legge vigente. Tuttavia l&#8217;eventuale attribuzione di responsabilit\u00e0 rilevante \u00e8 possibile solo attraverso l&#8217;esplicita espressione della data della violazione. Dietro notifica di tale violazione, provvederemo a cencellare il contenuto illecito immediatamente.<\/p>\n<p><strong><br \/>\n<\/strong><strong>Responsabilit\u00e0 dei link<\/strong><br \/>\nIl nostro sito contiene link a siti web esterni i quali contenuti non sono sotto nostro controllo. Pertanto non ci assumiamo alcuna responsabilit\u00e0 per questi contenuti. I rispettivi provider sono sempre responsabili dei contenuti dei siti indicati dai link. I siti indicati dai link sono controllati nel momento di inserimento del link per possibili violazioni legali. Non c&#8217;\u00e8 alcun contenuto illegale nel momento di inserimento del link. Un controllo permanente delle pagine linkate \u00e8 irragionevole senza una concreta evidenza della violazione. Dietro notifica di violazione, provvederemo a cancellare il contenuto illecito immediatamente.<\/p>\n<p><strong><br \/>\n<\/strong> <strong>Copyright<\/strong><br \/>\nI contenuti e i lavori di queste pagine sono soggette alla legislazione della Germania sul tema del copyright. La riproduzione, l&#8217;adattamento, la distribuzione e ogni atto di sfruttamento al di fuori dei limiti del copyright richiede il consenso scritto dell&#8217;autore o del creatore. Il download e le copie di qeuste pagine sono permesse solo per uso privato e non-commerciale. E&#8217; rispettato il copyright delle terze parti per quanto riguarda il contenuto non creato dall&#8217;operatore del sito web.<\/p>\n","protected":false},"excerpt":{"rendered":"<p>Responsabilit\u00e0 dei contenuti In qualit\u00e0 di service provider siamo responsabili dei contenuti del sito, in accordo a \u00a7 paragrafo 7, 1 TMG. In accordo a \u00a7\u00a7 8 a 10 TMG non siamo obbligati come service provider a monitorare informazioni trasmesse o memorizzate, o a investigare a riguardo di circostanze che potrebbero indicare attivit\u00e0 illecite. L&#8217;obbligo [&hellip;]<\/p>\n","protected":false},"author":2,"featured_media":0,"parent":3175,"menu_order":0,"comment_status":"open","ping_status":"closed","template":"","meta":{"footnotes":""},"categories":[118],"tags":[],"class_list":["post-3177","page","type-page","status-publish","hentry","category-rights-it"],"yoast_head":"<!-- This site is optimized with the Yoast SEO plugin v23.3 - https:\/\/yoast.com\/wordpress\/plugins\/seo\/ -->\n<title>Disclaimer - Brick&#039;R&#039;knowledge<\/title>\n<meta name=\"robots\" content=\"index, follow, max-snippet:-1, max-image-preview:large, max-video-preview:-1\" \/>\n<link rel=\"canonical\" href=\"https:\/\/www.brickrknowledge.com\/it\/diritti\/disclaimer\/\" \/>\n<meta property=\"og:locale\" content=\"it_IT\" \/>\n<meta property=\"og:type\" content=\"article\" \/>\n<meta property=\"og:title\" content=\"Disclaimer - Brick&#039;R&#039;knowledge\" \/>\n<meta property=\"og:description\" content=\"Responsabilit\u00e0 dei contenuti In qualit\u00e0 di service provider siamo responsabili dei contenuti del sito, in accordo a \u00a7 paragrafo 7, 1 TMG. In accordo a \u00a7\u00a7 8 a 10 TMG non siamo obbligati come service provider a monitorare informazioni trasmesse o memorizzate, o a investigare a riguardo di circostanze che potrebbero indicare attivit\u00e0 illecite. L&#8217;obbligo [&hellip;]\" \/>\n<meta property=\"og:url\" content=\"https:\/\/www.brickrknowledge.com\/it\/diritti\/disclaimer\/\" \/>\n<meta property=\"og:site_name\" content=\"Brick&#039;R&#039;knowledge\" \/>\n<meta property=\"article:publisher\" content=\"https:\/\/www.facebook.com\/BrickRknowledge\" \/>\n<meta property=\"article:modified_time\" content=\"2015-09-22T16:29:42+00:00\" \/>\n<meta name=\"twitter:card\" content=\"summary_large_image\" \/>\n<meta name=\"twitter:site\" content=\"@brickrknowledge\" \/>\n<meta name=\"twitter:label1\" content=\"Est. reading time\" \/>\n\t<meta name=\"twitter:data1\" content=\"1 minute\" \/>\n<script type=\"application\/ld+json\" class=\"yoast-schema-graph\">{\"@context\":\"https:\/\/schema.org\",\"@graph\":[{\"@type\":\"WebPage\",\"@id\":\"https:\/\/www.brickrknowledge.com\/it\/diritti\/disclaimer\/\",\"url\":\"https:\/\/www.brickrknowledge.com\/it\/diritti\/disclaimer\/\",\"name\":\"Disclaimer - Brick&#039;R&#039;knowledge\",\"isPartOf\":{\"@id\":\"https:\/\/brickrknowledge.de\/zh-hans\/#website\"},\"datePublished\":\"2015-09-21T16:16:20+00:00\",\"dateModified\":\"2015-09-22T16:29:42+00:00\",\"breadcrumb\":{\"@id\":\"https:\/\/www.brickrknowledge.com\/it\/diritti\/disclaimer\/#breadcrumb\"},\"inLanguage\":\"it-IT\",\"potentialAction\":[{\"@type\":\"ReadAction\",\"target\":[\"https:\/\/www.brickrknowledge.com\/it\/diritti\/disclaimer\/\"]}]},{\"@type\":\"BreadcrumbList\",\"@id\":\"https:\/\/www.brickrknowledge.com\/it\/diritti\/disclaimer\/#breadcrumb\",\"itemListElement\":[{\"@type\":\"ListItem\",\"position\":1,\"name\":\"Home\",\"item\":\"https:\/\/brickrknowledge.de\/it\/\"},{\"@type\":\"ListItem\",\"position\":2,\"name\":\"Diritti\",\"item\":\"https:\/\/www.brickrknowledge.com\/it\/diritti\/\"},{\"@type\":\"ListItem\",\"position\":3,\"name\":\"Disclaimer\"}]},{\"@type\":\"WebSite\",\"@id\":\"https:\/\/brickrknowledge.de\/zh-hans\/#website\",\"url\":\"https:\/\/brickrknowledge.de\/zh-hans\/\",\"name\":\"Brick&#039;R&#039;knowledge\",\"description\":\"\",\"potentialAction\":[{\"@type\":\"SearchAction\",\"target\":{\"@type\":\"EntryPoint\",\"urlTemplate\":\"https:\/\/brickrknowledge.de\/zh-hans\/?s={search_term_string}\"},\"query-input\":\"required name=search_term_string\"}],\"inLanguage\":\"it-IT\"}]}<\/script>\n<!-- \/ Yoast SEO plugin. -->","yoast_head_json":{"title":"Disclaimer - Brick&#039;R&#039;knowledge","robots":{"index":"index","follow":"follow","max-snippet":"max-snippet:-1","max-image-preview":"max-image-preview:large","max-video-preview":"max-video-preview:-1"},"canonical":"https:\/\/www.brickrknowledge.com\/it\/diritti\/disclaimer\/","og_locale":"it_IT","og_type":"article","og_title":"Disclaimer - Brick&#039;R&#039;knowledge","og_description":"Responsabilit\u00e0 dei contenuti In qualit\u00e0 di service provider siamo responsabili dei contenuti del sito, in accordo a \u00a7 paragrafo 7, 1 TMG. In accordo a \u00a7\u00a7 8 a 10 TMG non siamo obbligati come service provider a monitorare informazioni trasmesse o memorizzate, o a investigare a riguardo di circostanze che potrebbero indicare attivit\u00e0 illecite. L&#8217;obbligo [&hellip;]","og_url":"https:\/\/www.brickrknowledge.com\/it\/diritti\/disclaimer\/","og_site_name":"Brick&#039;R&#039;knowledge","article_publisher":"https:\/\/www.facebook.com\/BrickRknowledge","article_modified_time":"2015-09-22T16:29:42+00:00","twitter_card":"summary_large_image","twitter_site":"@brickrknowledge","twitter_misc":{"Est. reading time":"1 minute"},"schema":{"@context":"https:\/\/schema.org","@graph":[{"@type":"WebPage","@id":"https:\/\/www.brickrknowledge.com\/it\/diritti\/disclaimer\/","url":"https:\/\/www.brickrknowledge.com\/it\/diritti\/disclaimer\/","name":"Disclaimer - Brick&#039;R&#039;knowledge","isPartOf":{"@id":"https:\/\/brickrknowledge.de\/zh-hans\/#website"},"datePublished":"2015-09-21T16:16:20+00:00","dateModified":"2015-09-22T16:29:42+00:00","breadcrumb":{"@id":"https:\/\/www.brickrknowledge.com\/it\/diritti\/disclaimer\/#breadcrumb"},"inLanguage":"it-IT","potentialAction":[{"@type":"ReadAction","target":["https:\/\/www.brickrknowledge.com\/it\/diritti\/disclaimer\/"]}]},{"@type":"BreadcrumbList","@id":"https:\/\/www.brickrknowledge.com\/it\/diritti\/disclaimer\/#breadcrumb","itemListElement":[{"@type":"ListItem","position":1,"name":"Home","item":"https:\/\/brickrknowledge.de\/it\/"},{"@type":"ListItem","position":2,"name":"Diritti","item":"https:\/\/www.brickrknowledge.com\/it\/diritti\/"},{"@type":"ListItem","position":3,"name":"Disclaimer"}]},{"@type":"WebSite","@id":"https:\/\/brickrknowledge.de\/zh-hans\/#website","url":"https:\/\/brickrknowledge.de\/zh-hans\/","name":"Brick&#039;R&#039;knowledge","description":"","potentialAction":[{"@type":"SearchAction","target":{"@type":"EntryPoint","urlTemplate":"https:\/\/brickrknowledge.de\/zh-hans\/?s={search_term_string}"},"query-input":"required name=search_term_string"}],"inLanguage":"it-IT"}]}},"_links":{"self":[{"href":"https:\/\/wiki.brickrknowledge.eu\/it\/wp-json\/wp\/v2\/pages\/3177"}],"collection":[{"href":"https:\/\/wiki.brickrknowledge.eu\/it\/wp-json\/wp\/v2\/pages"}],"about":[{"href":"https:\/\/wiki.brickrknowledge.eu\/it\/wp-json\/wp\/v2\/types\/page"}],"author":[{"embeddable":true,"href":"https:\/\/wiki.brickrknowledge.eu\/it\/wp-json\/wp\/v2\/users\/2"}],"replies":[{"embeddable":true,"href":"https:\/\/wiki.brickrknowledge.eu\/it\/wp-json\/wp\/v2\/comments?post=3177"}],"version-history":[{"count":0,"href":"https:\/\/wiki.brickrknowledge.eu\/it\/wp-json\/wp\/v2\/pages\/3177\/revisions"}],"up":[{"embeddable":true,"href":"https:\/\/wiki.brickrknowledge.eu\/it\/wp-json\/wp\/v2\/pages\/3175"}],"wp:attachment":[{"href":"https:\/\/wiki.brickrknowledge.eu\/it\/wp-json\/wp\/v2\/media?parent=3177"}],"wp:term":[{"taxonomy":"category","embeddable":true,"href":"https:\/\/wiki.brickrknowledge.eu\/it\/wp-json\/wp\/v2\/categories?post=3177"},{"taxonomy":"post_tag","embeddable":true,"href":"https:\/\/wiki.brickrknowledge.eu\/it\/wp-json\/wp\/v2\/tags?post=3177"}],"curies":[{"name":"wp","href":"https:\/\/api.w.org\/{rel}","templated":true}]}}