
{"id":16022,"date":"2017-08-07T17:15:39","date_gmt":"2017-08-07T15:15:39","guid":{"rendered":"https:\/\/www.brickrknowledge.de\/?page_id=16022\/"},"modified":"2017-08-08T10:25:47","modified_gmt":"2017-08-08T08:25:47","slug":"exencion-de-responsabilidad","status":"publish","type":"page","link":"https:\/\/wiki.brickrknowledge.eu\/es\/aviso-legal\/exencion-de-responsabilidad\/","title":{"rendered":"Exenci\u00f3n de responsabilidad"},"content":{"rendered":"<p><strong>Responsabilidad por contenidos<br \/>\n<\/strong><\/p>\n<p>Como proveedor de servicios somos responables de los contenidos de estas p\u00e1ginas seg\u00fan \u00a7 7 Abs.1 TMG. Pero seg\u00fan Nach \u00a7\u00a7 8 hasta 10 TMG n<span id=\"result_box\" class=\"\" lang=\"es\"><span class=\"\">o estamos obligados<\/span> <span class=\"\">como proveedor de servicios<\/span> <span class=\"\">a supervisar la informaci\u00f3n<\/span> <span class=\"\">transmitida o almacenada<\/span><span class=\"\">,<\/span> <span class=\"\">o a investigar las<\/span> <span class=\"\">circunstancias que<\/span> <span class=\"\">indiquen actividades il\u00edcitas<\/span><\/span>. <span id=\"result_box\" class=\"\" lang=\"es\" tabindex=\"-1\"><span class=\"\">La obligaci\u00f3n de eliminar<\/span> <span class=\"\">o bloquear<\/span> el uso de informaci\u00f3n seg\u00fan las leyes generales <span class=\"\">no se ver\u00e1n afectados<\/span><\/span>. <span id=\"result_box\" class=\"\" lang=\"es\" tabindex=\"-1\">Sin embargo, una responsabilidad correspondiente <span class=\"\">es<\/span> posible s\u00f3lo a partir de la fecha de conocimiento de <span class=\"\">una infracci\u00f3n espec\u00edfica<\/span><span class=\"\">.<\/span> <span class=\"\">Tras la notificaci\u00f3n de<\/span> tales violaci\u00f3nes<span class=\"\">, eliminaremos<\/span> <span class=\"\">el contenido de inmediato<\/span><span class=\"\">.<\/span><\/span><\/p>\n<p><strong><br \/>\nResponsabilidad sobre los enlaces<br \/>\n<\/strong><\/p>\n<p><span id=\"result_box\" class=\"\" lang=\"es\">Nuestro sitio contiene enlaces a p\u00e1ginas externas sobre las que no tenemos control. Por lo tanto, no podemos aceptar ninguna responsabilidad por su contenido. El <span class=\"\">proveedor u operador de<\/span> <span class=\"\">los<\/span> sitios <span class=\"\">siempre es<\/span> responsable del contenido de <span class=\"\">las p\u00e1ginas enlazadas<\/span>. Los sitios vinculados fueron controlados en el momento de <span class=\"\">la vinculaci\u00f3n de posibles<\/span> violaci\u00f3nes jur\u00eddicas. Contenidos <span class=\"\">ilegales no eran<\/span> evidentes en el momento <span class=\"\">de la vinculaci\u00f3n.<\/span> <span class=\"\">Un control permanente de<\/span> <span class=\"\">las<\/span> p\u00e1ginas enlazadas no es razonable <span class=\"\">sin pruebas concretas de<\/span> <span class=\"\">una<\/span> <span class=\"\">violaci\u00f3n<\/span>. Tras la notificaci\u00f3n de violaci\u00f3nes, <span class=\"\">vamos a retirar inmediatamente<\/span> <span class=\"\">estos enlaces.<\/span><\/span><\/p>\n<p><strong><br \/>\nDerechos de propiedad intelectual<br \/>\n<\/strong><\/p>\n<p><span id=\"result_box\" class=\"\" lang=\"es\">El contenido y <span class=\"\">las obras en estas<\/span> <span class=\"\">p\u00e1ginas creadas por<\/span> <span class=\"\">los operadores del sitio<\/span> est\u00e1n sujetos a <span class=\"\">derecho de autor alem\u00e1n<\/span>. La <span class=\"\">reproducci\u00f3n, modificaci\u00f3n<\/span>, distribuci\u00f3n o cualquier <span class=\"\">tipo de explotaci\u00f3n fuera<\/span> <span class=\"\">de los l\u00edmites<\/span> <span class=\"\">del derecho de autor<\/span> <span class=\"\">requieren el consentimiento<\/span> <span class=\"\">por escrito del autor<\/span> o creador. <span class=\"\">Se permiten<\/span> <span class=\"\">las descargas y<\/span> copias <span class=\"\">s\u00f3lo para uso privado<\/span>, <span class=\"\">no<\/span> <span class=\"\">comercial.<\/span> <span class=\"\">Los <\/span><span class=\"\">contenidos que no<\/span> sean creados por el operador del sitio web, se tienen que tener en cuenta los <span class=\"\">derechos de autor de<\/span> <span class=\"\">terceros<\/span>. Los contenidos de terceros est\u00e1n <span class=\"\">marcados como tales<\/span>. Si es consciente de una infracci\u00f3n de copyright, pedimos <span class=\"\">que se nos indique.<\/span> <span class=\"\">Tras la notificaci\u00f3n de<\/span> violaci\u00f3nes, eliminaremos <span class=\"\">el contenido de inmediato.<\/span><\/span><\/p>\n","protected":false},"excerpt":{"rendered":"<p>Responsabilidad por contenidos Como proveedor de servicios somos responables de los contenidos de estas p\u00e1ginas seg\u00fan \u00a7 7 Abs.1 TMG. Pero seg\u00fan Nach \u00a7\u00a7 8 hasta 10 TMG no estamos obligados como proveedor de servicios a supervisar la informaci\u00f3n transmitida o almacenada, o a investigar las circunstancias que indiquen actividades il\u00edcitas. La obligaci\u00f3n de eliminar [&hellip;]<\/p>\n","protected":false},"author":5,"featured_media":0,"parent":16019,"menu_order":0,"comment_status":"open","ping_status":"closed","template":"","meta":{"footnotes":""},"categories":[],"tags":[],"class_list":["post-16022","page","type-page","status-publish","hentry"],"yoast_head":"<!-- This site is optimized with the Yoast SEO plugin v23.3 - https:\/\/yoast.com\/wordpress\/plugins\/seo\/ -->\n<title>Exenci\u00f3n de responsabilidad - Brick&#039;R&#039;knowledge<\/title>\n<meta name=\"robots\" content=\"index, follow, max-snippet:-1, max-image-preview:large, max-video-preview:-1\" \/>\n<link rel=\"canonical\" href=\"https:\/\/www.brickrknowledge.de\/es\/aviso-legal\/exencion-de-responsabilidad\/\" \/>\n<meta property=\"og:locale\" content=\"es_ES\" \/>\n<meta property=\"og:type\" content=\"article\" \/>\n<meta property=\"og:title\" content=\"Exenci\u00f3n de responsabilidad - Brick&#039;R&#039;knowledge\" \/>\n<meta property=\"og:description\" content=\"Responsabilidad por contenidos Como proveedor de servicios somos responables de los contenidos de estas p\u00e1ginas seg\u00fan \u00a7 7 Abs.1 TMG. Pero seg\u00fan Nach \u00a7\u00a7 8 hasta 10 TMG no estamos obligados como proveedor de servicios a supervisar la informaci\u00f3n transmitida o almacenada, o a investigar las circunstancias que indiquen actividades il\u00edcitas. La obligaci\u00f3n de eliminar [&hellip;]\" \/>\n<meta property=\"og:url\" content=\"https:\/\/www.brickrknowledge.de\/es\/aviso-legal\/exencion-de-responsabilidad\/\" \/>\n<meta property=\"og:site_name\" content=\"Brick&#039;R&#039;knowledge\" \/>\n<meta property=\"article:publisher\" content=\"https:\/\/www.facebook.com\/BrickRknowledge\" \/>\n<meta property=\"article:modified_time\" content=\"2017-08-08T08:25:47+00:00\" \/>\n<meta name=\"twitter:card\" content=\"summary_large_image\" \/>\n<meta name=\"twitter:site\" content=\"@brickrknowledge\" \/>\n<meta name=\"twitter:label1\" content=\"Est. reading time\" \/>\n\t<meta name=\"twitter:data1\" content=\"2 minutes\" \/>\n<script type=\"application\/ld+json\" class=\"yoast-schema-graph\">{\"@context\":\"https:\/\/schema.org\",\"@graph\":[{\"@type\":\"WebPage\",\"@id\":\"https:\/\/www.brickrknowledge.de\/es\/aviso-legal\/exencion-de-responsabilidad\/\",\"url\":\"https:\/\/www.brickrknowledge.de\/es\/aviso-legal\/exencion-de-responsabilidad\/\",\"name\":\"Exenci\u00f3n de responsabilidad - Brick&#039;R&#039;knowledge\",\"isPartOf\":{\"@id\":\"https:\/\/brickrknowledge.de\/zh-hans\/#website\"},\"datePublished\":\"2017-08-07T15:15:39+00:00\",\"dateModified\":\"2017-08-08T08:25:47+00:00\",\"breadcrumb\":{\"@id\":\"https:\/\/www.brickrknowledge.de\/es\/aviso-legal\/exencion-de-responsabilidad\/#breadcrumb\"},\"inLanguage\":\"es-ES\",\"potentialAction\":[{\"@type\":\"ReadAction\",\"target\":[\"https:\/\/www.brickrknowledge.de\/es\/aviso-legal\/exencion-de-responsabilidad\/\"]}]},{\"@type\":\"BreadcrumbList\",\"@id\":\"https:\/\/www.brickrknowledge.de\/es\/aviso-legal\/exencion-de-responsabilidad\/#breadcrumb\",\"itemListElement\":[{\"@type\":\"ListItem\",\"position\":1,\"name\":\"Home\",\"item\":\"https:\/\/forum.brickrknowledge.eu\/es\/\"},{\"@type\":\"ListItem\",\"position\":2,\"name\":\"Informaci\u00f3n Legal\",\"item\":\"https:\/\/wiki.brickrknowledge.com\/es\/aviso-legal\/\"},{\"@type\":\"ListItem\",\"position\":3,\"name\":\"Exenci\u00f3n de responsabilidad\"}]},{\"@type\":\"WebSite\",\"@id\":\"https:\/\/brickrknowledge.de\/zh-hans\/#website\",\"url\":\"https:\/\/brickrknowledge.de\/zh-hans\/\",\"name\":\"Brick&#039;R&#039;knowledge\",\"description\":\"\",\"potentialAction\":[{\"@type\":\"SearchAction\",\"target\":{\"@type\":\"EntryPoint\",\"urlTemplate\":\"https:\/\/brickrknowledge.de\/zh-hans\/?s={search_term_string}\"},\"query-input\":\"required name=search_term_string\"}],\"inLanguage\":\"es-ES\"}]}<\/script>\n<!-- \/ Yoast SEO plugin. -->","yoast_head_json":{"title":"Exenci\u00f3n de responsabilidad - Brick&#039;R&#039;knowledge","robots":{"index":"index","follow":"follow","max-snippet":"max-snippet:-1","max-image-preview":"max-image-preview:large","max-video-preview":"max-video-preview:-1"},"canonical":"https:\/\/www.brickrknowledge.de\/es\/aviso-legal\/exencion-de-responsabilidad\/","og_locale":"es_ES","og_type":"article","og_title":"Exenci\u00f3n de responsabilidad - Brick&#039;R&#039;knowledge","og_description":"Responsabilidad por contenidos Como proveedor de servicios somos responables de los contenidos de estas p\u00e1ginas seg\u00fan \u00a7 7 Abs.1 TMG. Pero seg\u00fan Nach \u00a7\u00a7 8 hasta 10 TMG no estamos obligados como proveedor de servicios a supervisar la informaci\u00f3n transmitida o almacenada, o a investigar las circunstancias que indiquen actividades il\u00edcitas. La obligaci\u00f3n de eliminar [&hellip;]","og_url":"https:\/\/www.brickrknowledge.de\/es\/aviso-legal\/exencion-de-responsabilidad\/","og_site_name":"Brick&#039;R&#039;knowledge","article_publisher":"https:\/\/www.facebook.com\/BrickRknowledge","article_modified_time":"2017-08-08T08:25:47+00:00","twitter_card":"summary_large_image","twitter_site":"@brickrknowledge","twitter_misc":{"Est. reading time":"2 minutes"},"schema":{"@context":"https:\/\/schema.org","@graph":[{"@type":"WebPage","@id":"https:\/\/www.brickrknowledge.de\/es\/aviso-legal\/exencion-de-responsabilidad\/","url":"https:\/\/www.brickrknowledge.de\/es\/aviso-legal\/exencion-de-responsabilidad\/","name":"Exenci\u00f3n de responsabilidad - Brick&#039;R&#039;knowledge","isPartOf":{"@id":"https:\/\/brickrknowledge.de\/zh-hans\/#website"},"datePublished":"2017-08-07T15:15:39+00:00","dateModified":"2017-08-08T08:25:47+00:00","breadcrumb":{"@id":"https:\/\/www.brickrknowledge.de\/es\/aviso-legal\/exencion-de-responsabilidad\/#breadcrumb"},"inLanguage":"es-ES","potentialAction":[{"@type":"ReadAction","target":["https:\/\/www.brickrknowledge.de\/es\/aviso-legal\/exencion-de-responsabilidad\/"]}]},{"@type":"BreadcrumbList","@id":"https:\/\/www.brickrknowledge.de\/es\/aviso-legal\/exencion-de-responsabilidad\/#breadcrumb","itemListElement":[{"@type":"ListItem","position":1,"name":"Home","item":"https:\/\/forum.brickrknowledge.eu\/es\/"},{"@type":"ListItem","position":2,"name":"Informaci\u00f3n Legal","item":"https:\/\/wiki.brickrknowledge.com\/es\/aviso-legal\/"},{"@type":"ListItem","position":3,"name":"Exenci\u00f3n de responsabilidad"}]},{"@type":"WebSite","@id":"https:\/\/brickrknowledge.de\/zh-hans\/#website","url":"https:\/\/brickrknowledge.de\/zh-hans\/","name":"Brick&#039;R&#039;knowledge","description":"","potentialAction":[{"@type":"SearchAction","target":{"@type":"EntryPoint","urlTemplate":"https:\/\/brickrknowledge.de\/zh-hans\/?s={search_term_string}"},"query-input":"required name=search_term_string"}],"inLanguage":"es-ES"}]}},"_links":{"self":[{"href":"https:\/\/wiki.brickrknowledge.eu\/es\/wp-json\/wp\/v2\/pages\/16022"}],"collection":[{"href":"https:\/\/wiki.brickrknowledge.eu\/es\/wp-json\/wp\/v2\/pages"}],"about":[{"href":"https:\/\/wiki.brickrknowledge.eu\/es\/wp-json\/wp\/v2\/types\/page"}],"author":[{"embeddable":true,"href":"https:\/\/wiki.brickrknowledge.eu\/es\/wp-json\/wp\/v2\/users\/5"}],"replies":[{"embeddable":true,"href":"https:\/\/wiki.brickrknowledge.eu\/es\/wp-json\/wp\/v2\/comments?post=16022"}],"version-history":[{"count":0,"href":"https:\/\/wiki.brickrknowledge.eu\/es\/wp-json\/wp\/v2\/pages\/16022\/revisions"}],"up":[{"embeddable":true,"href":"https:\/\/wiki.brickrknowledge.eu\/es\/wp-json\/wp\/v2\/pages\/16019"}],"wp:attachment":[{"href":"https:\/\/wiki.brickrknowledge.eu\/es\/wp-json\/wp\/v2\/media?parent=16022"}],"wp:term":[{"taxonomy":"category","embeddable":true,"href":"https:\/\/wiki.brickrknowledge.eu\/es\/wp-json\/wp\/v2\/categories?post=16022"},{"taxonomy":"post_tag","embeddable":true,"href":"https:\/\/wiki.brickrknowledge.eu\/es\/wp-json\/wp\/v2\/tags?post=16022"}],"curies":[{"name":"wp","href":"https:\/\/api.w.org\/{rel}","templated":true}]}}