
{"id":16021,"date":"2017-08-07T16:52:08","date_gmt":"2017-08-07T14:52:08","guid":{"rendered":"https:\/\/www.brickrknowledge.de\/?page_id=16021\/"},"modified":"2017-08-07T16:52:08","modified_gmt":"2017-08-07T14:52:08","slug":"aviso-de-privacidad","status":"publish","type":"page","link":"https:\/\/wiki.brickrknowledge.eu\/es\/aviso-legal\/aviso-de-privacidad\/","title":{"rendered":"Aviso de Privacidad"},"content":{"rendered":"<p><strong>Portecci\u00f3n de datos<br \/>\n<\/strong><\/p>\n<p>El uso de nuestra p\u00e1gina web es posible sin tener que proporcionar datos personales. En el caso de recopilar datos personales en nuestra p\u00e1gina web (como p.ej. nombre, direcci\u00f3n o correo electr\u00f3nico), esto sucede de manera voluntaria. E<span id=\"result_box\" class=\"short_text\" lang=\"es\"><span class=\"\">stos<\/span> <span class=\"\">datos no<\/span> <span class=\"\">son<\/span> cedidos a terceros <span class=\"\">sin su<\/span> expreso <span class=\"\">consentimiento<\/span><\/span>.<\/p>\n<p><span id=\"result_box\" class=\"\" lang=\"es\">Avisamos de que la transmisi\u00f3n de datos a trav\u00e9s de Internet (<span class=\"\">por ejemplo, <\/span><span class=\"\">la comunicaci\u00f3n por correo<\/span> <span class=\"\">electr\u00f3nico<\/span>) <span class=\"\">puede tener<\/span> <span class=\"\">agujeros de seguridad<\/span><span class=\"\">.<\/span> <span class=\"\">Una protecci\u00f3n de datos completa <\/span>contra el <span class=\"\">acceso de terceros<\/span> <span class=\"\">no es posible.<\/span><\/span><\/p>\n<div id=\"gt-res-c\" class=\"g-unit\">\n<div id=\"gt-res-p\">\n<div id=\"gt-res-data\">\n<div id=\"gt-res-wrap\">\n<div id=\"gt-res-content\">\n<div id=\"gt-res-dir-ctr\" class=\"trans-verified-button-small\" dir=\"ltr\"><span id=\"result_box\" class=\"\" lang=\"es\">El uso de los datos publicados por ley en el aviso legal por parte de terceros para el env\u00edo de publicidad e informaci\u00f3n <span class=\"\">no solicitada<\/span> est\u00e1 estrictamente prohibido. Los operadores de las p\u00e1ginas se reservan el derecho de tomar <span class=\"\">medidas<\/span> legales en <span class=\"\">caso de enviar informaci\u00f3n<\/span> <span class=\"\">no solicitada de promoci\u00f3n<\/span>, <span class=\"\">tales como<\/span> <span class=\"\">correos electr\u00f3nicos no deseados<\/span>.<\/span><\/div>\n<\/div>\n<\/div>\n<\/div>\n<\/div>\n<\/div>\n<p><strong><br \/>\nAviso de Privacidad para el uso de Google Analytics<\/strong><\/p>\n<p>Esta p\u00e1gina web utiliza Google Analytics, <span id=\"result_box\" class=\"\" lang=\"es\"><span class=\"\">un servicio<\/span> de an\u00e1lisis web de Google Inc. ( &#8220;Google<span class=\"\">&#8220;<\/span><span class=\"\">)<\/span><span class=\"\">.<\/span> <span class=\"\">Google<\/span> <span class=\"\">Analytics utiliza<\/span> <span class=\"\">&#8220;cookies&#8221;<\/span><span class=\"\">, archivos de<\/span> <span class=\"\">texto que se almacenan<\/span> en su ordenador, para ayudar a analizar <span class=\"\">c\u00f3mo utiliza el sitio web<\/span><span class=\"\">. La informaci\u00f3n que genera el cookie acerca de su uso de este sitio web por lo general se transmite a un servidor de Google en los EE.UU. y se almacena all\u00ed. En el caso de activaci\u00f3n de anonimizaci\u00f3n de IP en este sitio web, su direcci\u00f3n IP se cortar\u00e1 en los estados miembros de la Uni\u00f3n Europea o de otros pa\u00edses en el Acuerdo sobre el Espacio Econ\u00f3mico Europeo<\/span><\/span>.<\/p>\n<p><span id=\"result_box\" class=\"\" lang=\"es\"><span class=\"\">S\u00f3lo en casos<\/span> excepcionales se transmitir\u00e1 la direcci\u00f3n IP compelta a un servidor de google en los E.E.U.U. y se cortar\u00e1 all\u00ed. En nombre del operador de esta p\u00e1gina web Google utilizar\u00e1 esta informaci\u00f3n, para analizar su uso de la p\u00e1gina web para crear informes sobre la actividad web y prestar otros<span class=\"\"> servicios<\/span> <span class=\"\">relacionados con Internet<\/span> <span class=\"\">a la<\/span> <span class=\"\">p\u00e1gina web<\/span> <span class=\"\">del operador<\/span><span class=\"\">. La direcci\u00f3n IP transmitida por su navegado por parte de Google Analyticas no se a\u00f1adir\u00e1 a los otros datos de Google<\/span><\/span>.<\/p>\n<p><span id=\"result_box\" class=\"\" lang=\"es\"><span class=\"\">Usted puede rechazar el<\/span> <span class=\"\">uso de cookies<\/span> <span class=\"\">mediante la configuraci\u00f3n de su navedador web<\/span>; s<span class=\"\">in embargo<\/span>, avisamos de <span class=\"\">que<\/span> <span class=\"\">es posible que no<\/span> todas las <span class=\"\">caracter\u00edsticas de este sitio<\/span> <span class=\"\">funcionar\u00e1n correctamente para su uso. <\/span>Tambi\u00e9n puede evitar el registro de <span class=\"\">los datos generados por<\/span> el cookie y relacionados con su uso del sitio web (incl. su direcci\u00f3n <span class=\"\">IP) para<\/span> Google, as\u00ed como el tratamiento de estos datos por parte de Google, descargando e instalando el Plugin disponible en el siguiente link<\/span>: <a href=\"http:\/\/tools.google.com\/dlpage\/gaoptout?hl=de\">http:\/\/tools.google.com\/dlpage\/gaoptout?hl=de<\/a>.<\/p>\n<p><strong><br \/>\nAcceso, <span class=\"   textonegrita\">rectificaci\u00f3n<\/span>, cancelaci\u00f3n, oposci\u00f3n<br \/>\n<\/strong><\/p>\n<p>Tiene el derecho de acceso que le permite conocer y obtener gratuitamente informaci\u00f3n sobre sus datos de car\u00e1cter personal sometidos a tratamiento. Tiene el derecho a obtener informaci\u00f3n sobre si \u00e9stos est\u00e1n siendo objeto de tratamiento y, en su caso, la finalidad del mismo, as\u00ed como la informaci\u00f3n disponible sobre el origen de dichos datos y las comunicaciones realizadas o previstas de los mismos. As\u00ed mismo tiene de rectificar o cancelar estos datos. Para m\u00e1s informaci\u00f3n con respecto al tema de protecci\u00f3n de datos puede ponerse en contacto con nosotros utilizando los datos indicados en el aviso legal de esta p\u00e1gina web.<\/p>\n","protected":false},"excerpt":{"rendered":"<p>Portecci\u00f3n de datos El uso de nuestra p\u00e1gina web es posible sin tener que proporcionar datos personales. En el caso de recopilar datos personales en nuestra p\u00e1gina web (como p.ej. nombre, direcci\u00f3n o correo electr\u00f3nico), esto sucede de manera voluntaria. Estos datos no son cedidos a terceros sin su expreso consentimiento. Avisamos de que la [&hellip;]<\/p>\n","protected":false},"author":5,"featured_media":0,"parent":16019,"menu_order":0,"comment_status":"open","ping_status":"closed","template":"","meta":{"footnotes":""},"categories":[],"tags":[],"class_list":["post-16021","page","type-page","status-publish","hentry"],"yoast_head":"<!-- This site is optimized with the Yoast SEO plugin v23.3 - https:\/\/yoast.com\/wordpress\/plugins\/seo\/ -->\n<title>Aviso de Privacidad - Brick&#039;R&#039;knowledge<\/title>\n<meta name=\"robots\" content=\"index, follow, max-snippet:-1, max-image-preview:large, max-video-preview:-1\" \/>\n<link rel=\"canonical\" href=\"https:\/\/wiki.brickrknowledge.com\/es\/aviso-legal\/aviso-de-privacidad\/\" \/>\n<meta property=\"og:locale\" content=\"es_ES\" \/>\n<meta property=\"og:type\" content=\"article\" \/>\n<meta property=\"og:title\" content=\"Aviso de Privacidad - Brick&#039;R&#039;knowledge\" \/>\n<meta property=\"og:description\" content=\"Portecci\u00f3n de datos El uso de nuestra p\u00e1gina web es posible sin tener que proporcionar datos personales. En el caso de recopilar datos personales en nuestra p\u00e1gina web (como p.ej. nombre, direcci\u00f3n o correo electr\u00f3nico), esto sucede de manera voluntaria. Estos datos no son cedidos a terceros sin su expreso consentimiento. Avisamos de que la [&hellip;]\" \/>\n<meta property=\"og:url\" content=\"https:\/\/wiki.brickrknowledge.com\/es\/aviso-legal\/aviso-de-privacidad\/\" \/>\n<meta property=\"og:site_name\" content=\"Brick&#039;R&#039;knowledge\" \/>\n<meta property=\"article:publisher\" content=\"https:\/\/www.facebook.com\/BrickRknowledge\" \/>\n<meta name=\"twitter:card\" content=\"summary_large_image\" \/>\n<meta name=\"twitter:site\" content=\"@brickrknowledge\" \/>\n<meta name=\"twitter:label1\" content=\"Est. reading time\" \/>\n\t<meta name=\"twitter:data1\" content=\"3 minutes\" \/>\n<script type=\"application\/ld+json\" class=\"yoast-schema-graph\">{\"@context\":\"https:\/\/schema.org\",\"@graph\":[{\"@type\":\"WebPage\",\"@id\":\"https:\/\/wiki.brickrknowledge.com\/es\/aviso-legal\/aviso-de-privacidad\/\",\"url\":\"https:\/\/wiki.brickrknowledge.com\/es\/aviso-legal\/aviso-de-privacidad\/\",\"name\":\"Aviso de Privacidad - Brick&#039;R&#039;knowledge\",\"isPartOf\":{\"@id\":\"https:\/\/brickrknowledge.de\/zh-hans\/#website\"},\"datePublished\":\"2017-08-07T14:52:08+00:00\",\"dateModified\":\"2017-08-07T14:52:08+00:00\",\"breadcrumb\":{\"@id\":\"https:\/\/wiki.brickrknowledge.com\/es\/aviso-legal\/aviso-de-privacidad\/#breadcrumb\"},\"inLanguage\":\"es-ES\",\"potentialAction\":[{\"@type\":\"ReadAction\",\"target\":[\"https:\/\/wiki.brickrknowledge.com\/es\/aviso-legal\/aviso-de-privacidad\/\"]}]},{\"@type\":\"BreadcrumbList\",\"@id\":\"https:\/\/wiki.brickrknowledge.com\/es\/aviso-legal\/aviso-de-privacidad\/#breadcrumb\",\"itemListElement\":[{\"@type\":\"ListItem\",\"position\":1,\"name\":\"Home\",\"item\":\"https:\/\/forum.brickrknowledge.eu\/es\/\"},{\"@type\":\"ListItem\",\"position\":2,\"name\":\"Informaci\u00f3n Legal\",\"item\":\"https:\/\/wiki.brickrknowledge.com\/es\/aviso-legal\/\"},{\"@type\":\"ListItem\",\"position\":3,\"name\":\"Aviso de Privacidad\"}]},{\"@type\":\"WebSite\",\"@id\":\"https:\/\/brickrknowledge.de\/zh-hans\/#website\",\"url\":\"https:\/\/brickrknowledge.de\/zh-hans\/\",\"name\":\"Brick&#039;R&#039;knowledge\",\"description\":\"\",\"potentialAction\":[{\"@type\":\"SearchAction\",\"target\":{\"@type\":\"EntryPoint\",\"urlTemplate\":\"https:\/\/brickrknowledge.de\/zh-hans\/?s={search_term_string}\"},\"query-input\":\"required name=search_term_string\"}],\"inLanguage\":\"es-ES\"}]}<\/script>\n<!-- \/ Yoast SEO plugin. -->","yoast_head_json":{"title":"Aviso de Privacidad - Brick&#039;R&#039;knowledge","robots":{"index":"index","follow":"follow","max-snippet":"max-snippet:-1","max-image-preview":"max-image-preview:large","max-video-preview":"max-video-preview:-1"},"canonical":"https:\/\/wiki.brickrknowledge.com\/es\/aviso-legal\/aviso-de-privacidad\/","og_locale":"es_ES","og_type":"article","og_title":"Aviso de Privacidad - Brick&#039;R&#039;knowledge","og_description":"Portecci\u00f3n de datos El uso de nuestra p\u00e1gina web es posible sin tener que proporcionar datos personales. En el caso de recopilar datos personales en nuestra p\u00e1gina web (como p.ej. nombre, direcci\u00f3n o correo electr\u00f3nico), esto sucede de manera voluntaria. Estos datos no son cedidos a terceros sin su expreso consentimiento. Avisamos de que la [&hellip;]","og_url":"https:\/\/wiki.brickrknowledge.com\/es\/aviso-legal\/aviso-de-privacidad\/","og_site_name":"Brick&#039;R&#039;knowledge","article_publisher":"https:\/\/www.facebook.com\/BrickRknowledge","twitter_card":"summary_large_image","twitter_site":"@brickrknowledge","twitter_misc":{"Est. reading time":"3 minutes"},"schema":{"@context":"https:\/\/schema.org","@graph":[{"@type":"WebPage","@id":"https:\/\/wiki.brickrknowledge.com\/es\/aviso-legal\/aviso-de-privacidad\/","url":"https:\/\/wiki.brickrknowledge.com\/es\/aviso-legal\/aviso-de-privacidad\/","name":"Aviso de Privacidad - Brick&#039;R&#039;knowledge","isPartOf":{"@id":"https:\/\/brickrknowledge.de\/zh-hans\/#website"},"datePublished":"2017-08-07T14:52:08+00:00","dateModified":"2017-08-07T14:52:08+00:00","breadcrumb":{"@id":"https:\/\/wiki.brickrknowledge.com\/es\/aviso-legal\/aviso-de-privacidad\/#breadcrumb"},"inLanguage":"es-ES","potentialAction":[{"@type":"ReadAction","target":["https:\/\/wiki.brickrknowledge.com\/es\/aviso-legal\/aviso-de-privacidad\/"]}]},{"@type":"BreadcrumbList","@id":"https:\/\/wiki.brickrknowledge.com\/es\/aviso-legal\/aviso-de-privacidad\/#breadcrumb","itemListElement":[{"@type":"ListItem","position":1,"name":"Home","item":"https:\/\/forum.brickrknowledge.eu\/es\/"},{"@type":"ListItem","position":2,"name":"Informaci\u00f3n Legal","item":"https:\/\/wiki.brickrknowledge.com\/es\/aviso-legal\/"},{"@type":"ListItem","position":3,"name":"Aviso de Privacidad"}]},{"@type":"WebSite","@id":"https:\/\/brickrknowledge.de\/zh-hans\/#website","url":"https:\/\/brickrknowledge.de\/zh-hans\/","name":"Brick&#039;R&#039;knowledge","description":"","potentialAction":[{"@type":"SearchAction","target":{"@type":"EntryPoint","urlTemplate":"https:\/\/brickrknowledge.de\/zh-hans\/?s={search_term_string}"},"query-input":"required name=search_term_string"}],"inLanguage":"es-ES"}]}},"_links":{"self":[{"href":"https:\/\/wiki.brickrknowledge.eu\/es\/wp-json\/wp\/v2\/pages\/16021"}],"collection":[{"href":"https:\/\/wiki.brickrknowledge.eu\/es\/wp-json\/wp\/v2\/pages"}],"about":[{"href":"https:\/\/wiki.brickrknowledge.eu\/es\/wp-json\/wp\/v2\/types\/page"}],"author":[{"embeddable":true,"href":"https:\/\/wiki.brickrknowledge.eu\/es\/wp-json\/wp\/v2\/users\/5"}],"replies":[{"embeddable":true,"href":"https:\/\/wiki.brickrknowledge.eu\/es\/wp-json\/wp\/v2\/comments?post=16021"}],"version-history":[{"count":0,"href":"https:\/\/wiki.brickrknowledge.eu\/es\/wp-json\/wp\/v2\/pages\/16021\/revisions"}],"up":[{"embeddable":true,"href":"https:\/\/wiki.brickrknowledge.eu\/es\/wp-json\/wp\/v2\/pages\/16019"}],"wp:attachment":[{"href":"https:\/\/wiki.brickrknowledge.eu\/es\/wp-json\/wp\/v2\/media?parent=16021"}],"wp:term":[{"taxonomy":"category","embeddable":true,"href":"https:\/\/wiki.brickrknowledge.eu\/es\/wp-json\/wp\/v2\/categories?post=16021"},{"taxonomy":"post_tag","embeddable":true,"href":"https:\/\/wiki.brickrknowledge.eu\/es\/wp-json\/wp\/v2\/tags?post=16021"}],"curies":[{"name":"wp","href":"https:\/\/api.w.org\/{rel}","templated":true}]}}