
{"id":15913,"date":"2017-07-27T09:53:55","date_gmt":"2017-07-27T07:53:55","guid":{"rendered":"https:\/\/www.brickrknowledge.de\/?page_id=15913\/"},"modified":"2017-07-27T10:34:43","modified_gmt":"2017-07-27T08:34:43","slug":"material-didactico","status":"publish","type":"page","link":"https:\/\/wiki.brickrknowledge.eu\/es\/educacion\/material-didactico\/","title":{"rendered":"Material did\u00e1ctico"},"content":{"rendered":"<h4>Para hacer las clases m\u00e1s creativas e interactivas, tienen a su disposici\u00f3n diverso material did\u00e1ctico.<\/h4>\n<p>\u00a1Enriqueza sus clases! Ya sea para <a href=\"https:\/\/wiki.brickrknowledge.eu\/education\/grundschule\/\">educaci\u00f3n primaria<\/a> o <a href=\"https:\/\/wiki.brickrknowledge.eu\/education\/allgemeinbildende-schule\/\">educaci\u00f3n secundaria<\/a>, tenemos para todas las \u00e1reas el material did\u00e1ctico adecuado. Simplemente descargue el libro de ejercicios en PDF.<\/p>\n<table width=\"524\">\n<tbody>\n<tr>\n<td width=\"211\"><a href=\"https:\/\/www.brickrknowledge.de\/content\/uploads\/2016\/11\/brick_basics_aufgaben.pdf\">Libro de ejercicios Basics<\/a><\/td>\n<td width=\"313\"><a href=\"https:\/\/www.brickrknowledge.de\/content\/uploads\/2016\/12\/Solar_Aufgabeheft.pdf\">Libro de ejercicios Solar<\/a><\/td>\n<\/tr>\n<tr>\n<td><a href=\"https:\/\/www.brickrknowledge.de\/content\/uploads\/2016\/11\/brick_basics_aufgaben.pdf\"><img loading=\"lazy\" decoding=\"async\" class=\"alignnone wp-image-14336\" src=\"https:\/\/www.brickrknowledge.de\/content\/uploads\/2017\/02\/138383-212x300.jpg\" alt=\"Basic Set Unterrichtsmaterial\" width=\"200\" height=\"283\" srcset=\"https:\/\/wiki.brickrknowledge.eu\/content\/uploads\/2017\/02\/138383-212x300.jpg 212w, https:\/\/wiki.brickrknowledge.eu\/content\/uploads\/2017\/02\/138383-600x851.jpg 600w, https:\/\/wiki.brickrknowledge.eu\/content\/uploads\/2017\/02\/138383-226x320.jpg 226w, https:\/\/wiki.brickrknowledge.eu\/content\/uploads\/2017\/02\/138383-233x330.jpg 233w, https:\/\/wiki.brickrknowledge.eu\/content\/uploads\/2017\/02\/138383-300x425.jpg 300w, https:\/\/wiki.brickrknowledge.eu\/content\/uploads\/2017\/02\/138383.jpg 708w\" sizes=\"(max-width: 200px) 100vw, 200px\" \/><\/a><\/td>\n<td><a href=\"https:\/\/www.brickrknowledge.de\/content\/uploads\/2016\/12\/Solar_Aufgabeheft.pdf\"><img loading=\"lazy\" decoding=\"async\" class=\"alignnone wp-image-14329\" src=\"https:\/\/www.brickrknowledge.de\/content\/uploads\/2017\/02\/139068-212x300.jpg\" alt=\"Solar Set Unterrichtsmaterial\" width=\"200\" height=\"283\" srcset=\"https:\/\/wiki.brickrknowledge.eu\/content\/uploads\/2017\/02\/139068-212x300.jpg 212w, https:\/\/wiki.brickrknowledge.eu\/content\/uploads\/2017\/02\/139068-600x850.jpg 600w, https:\/\/wiki.brickrknowledge.eu\/content\/uploads\/2017\/02\/139068-226x320.jpg 226w, https:\/\/wiki.brickrknowledge.eu\/content\/uploads\/2017\/02\/139068-233x330.jpg 233w, https:\/\/wiki.brickrknowledge.eu\/content\/uploads\/2017\/02\/139068-300x425.jpg 300w, https:\/\/wiki.brickrknowledge.eu\/content\/uploads\/2017\/02\/139068.jpg 710w\" sizes=\"(max-width: 200px) 100vw, 200px\" \/><\/a><\/td>\n<\/tr>\n<\/tbody>\n<\/table>\n<table width=\"524\">\n<tbody>\n<tr>\n<td width=\"211\"><a href=\"https:\/\/www.brickrknowledge.de\/content\/uploads\/2016\/04\/BRK_Challenge_web-1.pdf\">Challenge Basics<\/a><\/td>\n<td width=\"313\"><a href=\"https:\/\/www.brickrknowledge.de\/content\/uploads\/2017\/02\/Aufgabe_Logik.pdf\">Libro de ejecicios L\u00f3gico<\/a><\/td>\n<\/tr>\n<tr>\n<td><a href=\"https:\/\/www.brickrknowledge.de\/content\/uploads\/2016\/05\/Challenge.jpg\"><img loading=\"lazy\" decoding=\"async\" class=\"alignnone wp-image-6687\" src=\"https:\/\/www.brickrknowledge.de\/content\/uploads\/2016\/05\/Challenge-212x300.jpg\" alt=\"Challenge Unterrichtsmaterial\" width=\"200\" height=\"283\" srcset=\"https:\/\/wiki.brickrknowledge.eu\/content\/uploads\/2016\/05\/Challenge-212x300.jpg 212w, https:\/\/wiki.brickrknowledge.eu\/content\/uploads\/2016\/05\/Challenge-226x320.jpg 226w, https:\/\/wiki.brickrknowledge.eu\/content\/uploads\/2016\/05\/Challenge-233x330.jpg 233w, https:\/\/wiki.brickrknowledge.eu\/content\/uploads\/2016\/05\/Challenge.jpg 300w\" sizes=\"(max-width: 200px) 100vw, 200px\" \/><\/a><\/td>\n<td><a href=\"https:\/\/www.brickrknowledge.de\/content\/uploads\/2017\/02\/logic-set-aufgabenheft.jpg\"><img loading=\"lazy\" decoding=\"async\" class=\"alignnone wp-image-14454\" src=\"https:\/\/www.brickrknowledge.de\/content\/uploads\/2017\/02\/logic-set-aufgabenheft-212x300.jpg\" alt=\"logic-set-Unterrichtsmaterial\" width=\"200\" height=\"283\" srcset=\"https:\/\/wiki.brickrknowledge.eu\/content\/uploads\/2017\/02\/logic-set-aufgabenheft-212x300.jpg 212w, https:\/\/wiki.brickrknowledge.eu\/content\/uploads\/2017\/02\/logic-set-aufgabenheft-226x320.jpg 226w, https:\/\/wiki.brickrknowledge.eu\/content\/uploads\/2017\/02\/logic-set-aufgabenheft-233x330.jpg 233w, https:\/\/wiki.brickrknowledge.eu\/content\/uploads\/2017\/02\/logic-set-aufgabenheft.jpg 300w\" sizes=\"(max-width: 200px) 100vw, 200px\" \/><\/a><\/td>\n<\/tr>\n<\/tbody>\n<\/table>\n<table width=\"524\">\n<tbody>\n<tr>\n<td width=\"211\"><a href=\"https:\/\/wiki.brickrknowledge.eu\/downloads\/\">Todos los manuales<\/a><\/td>\n<td width=\"313\">\u00a0Gu\u00eda para profesores<\/td>\n<\/tr>\n<tr>\n<td><a href=\"https:\/\/wiki.brickrknowledge.eu\/downloads\/\"><img loading=\"lazy\" decoding=\"async\" class=\"alignnone wp-image-14363\" src=\"https:\/\/www.brickrknowledge.de\/content\/uploads\/2017\/02\/Handbuecher-282x300.jpg\" alt=\"Handbuecher\" width=\"200\" height=\"213\" srcset=\"https:\/\/wiki.brickrknowledge.eu\/content\/uploads\/2017\/02\/Handbuecher-282x300.jpg 282w, https:\/\/wiki.brickrknowledge.eu\/content\/uploads\/2017\/02\/Handbuecher-600x638.jpg 600w, https:\/\/wiki.brickrknowledge.eu\/content\/uploads\/2017\/02\/Handbuecher-301x320.jpg 301w, https:\/\/wiki.brickrknowledge.eu\/content\/uploads\/2017\/02\/Handbuecher-310x330.jpg 310w, https:\/\/wiki.brickrknowledge.eu\/content\/uploads\/2017\/02\/Handbuecher-300x319.jpg 300w, https:\/\/wiki.brickrknowledge.eu\/content\/uploads\/2017\/02\/Handbuecher.jpg 764w\" sizes=\"(max-width: 200px) 100vw, 200px\" \/><\/a><\/td>\n<td>En breve<\/td>\n<\/tr>\n<\/tbody>\n<\/table>\n","protected":false},"excerpt":{"rendered":"<p>Para hacer las clases m\u00e1s creativas e interactivas, tienen a su disposici\u00f3n diverso material did\u00e1ctico. \u00a1Enriqueza sus clases! Ya sea para educaci\u00f3n primaria o educaci\u00f3n secundaria, tenemos para todas las \u00e1reas el material did\u00e1ctico adecuado. Simplemente descargue el libro de ejercicios en PDF. Libro de ejercicios Basics Libro de ejercicios Solar Challenge Basics Libro de [&hellip;]<\/p>\n","protected":false},"author":5,"featured_media":0,"parent":15219,"menu_order":0,"comment_status":"closed","ping_status":"closed","template":"","meta":{"footnotes":""},"categories":[],"tags":[],"class_list":["post-15913","page","type-page","status-publish","hentry"],"yoast_head":"<!-- This site is optimized with the Yoast SEO plugin v23.3 - https:\/\/yoast.com\/wordpress\/plugins\/seo\/ -->\n<title>Material did\u00e1ctico - Brick&#039;R&#039;knowledge<\/title>\n<meta name=\"robots\" content=\"index, follow, max-snippet:-1, max-image-preview:large, max-video-preview:-1\" \/>\n<link rel=\"canonical\" href=\"https:\/\/brickrknowledge.org\/es\/educacion\/material-didactico\/\" \/>\n<meta property=\"og:locale\" content=\"es_ES\" \/>\n<meta property=\"og:type\" content=\"article\" \/>\n<meta property=\"og:title\" content=\"Material did\u00e1ctico - Brick&#039;R&#039;knowledge\" \/>\n<meta property=\"og:description\" content=\"Para hacer las clases m\u00e1s creativas e interactivas, tienen a su disposici\u00f3n diverso material did\u00e1ctico. \u00a1Enriqueza sus clases! Ya sea para educaci\u00f3n primaria o educaci\u00f3n secundaria, tenemos para todas las \u00e1reas el material did\u00e1ctico adecuado. Simplemente descargue el libro de ejercicios en PDF. Libro de ejercicios Basics Libro de ejercicios Solar Challenge Basics Libro de [&hellip;]\" \/>\n<meta property=\"og:url\" content=\"https:\/\/brickrknowledge.org\/es\/educacion\/material-didactico\/\" \/>\n<meta property=\"og:site_name\" content=\"Brick&#039;R&#039;knowledge\" \/>\n<meta property=\"article:publisher\" content=\"https:\/\/www.facebook.com\/BrickRknowledge\" \/>\n<meta property=\"article:modified_time\" content=\"2017-07-27T08:34:43+00:00\" \/>\n<meta property=\"og:image\" content=\"https:\/\/www.brickrknowledge.de\/content\/uploads\/2017\/02\/138383-212x300.jpg\" \/>\n<meta name=\"twitter:card\" content=\"summary_large_image\" \/>\n<meta name=\"twitter:site\" content=\"@brickrknowledge\" \/>\n<script type=\"application\/ld+json\" class=\"yoast-schema-graph\">{\"@context\":\"https:\/\/schema.org\",\"@graph\":[{\"@type\":\"WebPage\",\"@id\":\"https:\/\/brickrknowledge.org\/es\/educacion\/material-didactico\/\",\"url\":\"https:\/\/brickrknowledge.org\/es\/educacion\/material-didactico\/\",\"name\":\"Material did\u00e1ctico - Brick&#039;R&#039;knowledge\",\"isPartOf\":{\"@id\":\"https:\/\/brickrknowledge.de\/zh-hans\/#website\"},\"primaryImageOfPage\":{\"@id\":\"https:\/\/brickrknowledge.org\/es\/educacion\/material-didactico\/#primaryimage\"},\"image\":{\"@id\":\"https:\/\/brickrknowledge.org\/es\/educacion\/material-didactico\/#primaryimage\"},\"thumbnailUrl\":\"https:\/\/www.brickrknowledge.de\/content\/uploads\/2017\/02\/138383-212x300.jpg\",\"datePublished\":\"2017-07-27T07:53:55+00:00\",\"dateModified\":\"2017-07-27T08:34:43+00:00\",\"breadcrumb\":{\"@id\":\"https:\/\/brickrknowledge.org\/es\/educacion\/material-didactico\/#breadcrumb\"},\"inLanguage\":\"es-ES\",\"potentialAction\":[{\"@type\":\"ReadAction\",\"target\":[\"https:\/\/brickrknowledge.org\/es\/educacion\/material-didactico\/\"]}]},{\"@type\":\"ImageObject\",\"inLanguage\":\"es-ES\",\"@id\":\"https:\/\/brickrknowledge.org\/es\/educacion\/material-didactico\/#primaryimage\",\"url\":\"https:\/\/www.brickrknowledge.de\/content\/uploads\/2017\/02\/138383-212x300.jpg\",\"contentUrl\":\"https:\/\/www.brickrknowledge.de\/content\/uploads\/2017\/02\/138383-212x300.jpg\"},{\"@type\":\"BreadcrumbList\",\"@id\":\"https:\/\/brickrknowledge.org\/es\/educacion\/material-didactico\/#breadcrumb\",\"itemListElement\":[{\"@type\":\"ListItem\",\"position\":1,\"name\":\"Home\",\"item\":\"https:\/\/forum.brickrknowledge.eu\/es\/\"},{\"@type\":\"ListItem\",\"position\":2,\"name\":\"Educaci\u00f3n\",\"item\":\"https:\/\/forum.brickrknowledge.com\/es\/educacion\/\"},{\"@type\":\"ListItem\",\"position\":3,\"name\":\"Material did\u00e1ctico\"}]},{\"@type\":\"WebSite\",\"@id\":\"https:\/\/brickrknowledge.de\/zh-hans\/#website\",\"url\":\"https:\/\/brickrknowledge.de\/zh-hans\/\",\"name\":\"Brick&#039;R&#039;knowledge\",\"description\":\"\",\"potentialAction\":[{\"@type\":\"SearchAction\",\"target\":{\"@type\":\"EntryPoint\",\"urlTemplate\":\"https:\/\/brickrknowledge.de\/zh-hans\/?s={search_term_string}\"},\"query-input\":\"required name=search_term_string\"}],\"inLanguage\":\"es-ES\"}]}<\/script>\n<!-- \/ Yoast SEO plugin. -->","yoast_head_json":{"title":"Material did\u00e1ctico - Brick&#039;R&#039;knowledge","robots":{"index":"index","follow":"follow","max-snippet":"max-snippet:-1","max-image-preview":"max-image-preview:large","max-video-preview":"max-video-preview:-1"},"canonical":"https:\/\/brickrknowledge.org\/es\/educacion\/material-didactico\/","og_locale":"es_ES","og_type":"article","og_title":"Material did\u00e1ctico - Brick&#039;R&#039;knowledge","og_description":"Para hacer las clases m\u00e1s creativas e interactivas, tienen a su disposici\u00f3n diverso material did\u00e1ctico. \u00a1Enriqueza sus clases! Ya sea para educaci\u00f3n primaria o educaci\u00f3n secundaria, tenemos para todas las \u00e1reas el material did\u00e1ctico adecuado. Simplemente descargue el libro de ejercicios en PDF. Libro de ejercicios Basics Libro de ejercicios Solar Challenge Basics Libro de [&hellip;]","og_url":"https:\/\/brickrknowledge.org\/es\/educacion\/material-didactico\/","og_site_name":"Brick&#039;R&#039;knowledge","article_publisher":"https:\/\/www.facebook.com\/BrickRknowledge","article_modified_time":"2017-07-27T08:34:43+00:00","og_image":[{"url":"https:\/\/www.brickrknowledge.de\/content\/uploads\/2017\/02\/138383-212x300.jpg"}],"twitter_card":"summary_large_image","twitter_site":"@brickrknowledge","schema":{"@context":"https:\/\/schema.org","@graph":[{"@type":"WebPage","@id":"https:\/\/brickrknowledge.org\/es\/educacion\/material-didactico\/","url":"https:\/\/brickrknowledge.org\/es\/educacion\/material-didactico\/","name":"Material did\u00e1ctico - Brick&#039;R&#039;knowledge","isPartOf":{"@id":"https:\/\/brickrknowledge.de\/zh-hans\/#website"},"primaryImageOfPage":{"@id":"https:\/\/brickrknowledge.org\/es\/educacion\/material-didactico\/#primaryimage"},"image":{"@id":"https:\/\/brickrknowledge.org\/es\/educacion\/material-didactico\/#primaryimage"},"thumbnailUrl":"https:\/\/www.brickrknowledge.de\/content\/uploads\/2017\/02\/138383-212x300.jpg","datePublished":"2017-07-27T07:53:55+00:00","dateModified":"2017-07-27T08:34:43+00:00","breadcrumb":{"@id":"https:\/\/brickrknowledge.org\/es\/educacion\/material-didactico\/#breadcrumb"},"inLanguage":"es-ES","potentialAction":[{"@type":"ReadAction","target":["https:\/\/brickrknowledge.org\/es\/educacion\/material-didactico\/"]}]},{"@type":"ImageObject","inLanguage":"es-ES","@id":"https:\/\/brickrknowledge.org\/es\/educacion\/material-didactico\/#primaryimage","url":"https:\/\/www.brickrknowledge.de\/content\/uploads\/2017\/02\/138383-212x300.jpg","contentUrl":"https:\/\/www.brickrknowledge.de\/content\/uploads\/2017\/02\/138383-212x300.jpg"},{"@type":"BreadcrumbList","@id":"https:\/\/brickrknowledge.org\/es\/educacion\/material-didactico\/#breadcrumb","itemListElement":[{"@type":"ListItem","position":1,"name":"Home","item":"https:\/\/forum.brickrknowledge.eu\/es\/"},{"@type":"ListItem","position":2,"name":"Educaci\u00f3n","item":"https:\/\/forum.brickrknowledge.com\/es\/educacion\/"},{"@type":"ListItem","position":3,"name":"Material did\u00e1ctico"}]},{"@type":"WebSite","@id":"https:\/\/brickrknowledge.de\/zh-hans\/#website","url":"https:\/\/brickrknowledge.de\/zh-hans\/","name":"Brick&#039;R&#039;knowledge","description":"","potentialAction":[{"@type":"SearchAction","target":{"@type":"EntryPoint","urlTemplate":"https:\/\/brickrknowledge.de\/zh-hans\/?s={search_term_string}"},"query-input":"required name=search_term_string"}],"inLanguage":"es-ES"}]}},"_links":{"self":[{"href":"https:\/\/wiki.brickrknowledge.eu\/es\/wp-json\/wp\/v2\/pages\/15913"}],"collection":[{"href":"https:\/\/wiki.brickrknowledge.eu\/es\/wp-json\/wp\/v2\/pages"}],"about":[{"href":"https:\/\/wiki.brickrknowledge.eu\/es\/wp-json\/wp\/v2\/types\/page"}],"author":[{"embeddable":true,"href":"https:\/\/wiki.brickrknowledge.eu\/es\/wp-json\/wp\/v2\/users\/5"}],"replies":[{"embeddable":true,"href":"https:\/\/wiki.brickrknowledge.eu\/es\/wp-json\/wp\/v2\/comments?post=15913"}],"version-history":[{"count":0,"href":"https:\/\/wiki.brickrknowledge.eu\/es\/wp-json\/wp\/v2\/pages\/15913\/revisions"}],"up":[{"embeddable":true,"href":"https:\/\/wiki.brickrknowledge.eu\/es\/wp-json\/wp\/v2\/pages\/15219"}],"wp:attachment":[{"href":"https:\/\/wiki.brickrknowledge.eu\/es\/wp-json\/wp\/v2\/media?parent=15913"}],"wp:term":[{"taxonomy":"category","embeddable":true,"href":"https:\/\/wiki.brickrknowledge.eu\/es\/wp-json\/wp\/v2\/categories?post=15913"},{"taxonomy":"post_tag","embeddable":true,"href":"https:\/\/wiki.brickrknowledge.eu\/es\/wp-json\/wp\/v2\/tags?post=15913"}],"curies":[{"name":"wp","href":"https:\/\/api.w.org\/{rel}","templated":true}]}}